{"id":7401,"date":"2021-10-15T10:05:03","date_gmt":"2021-10-15T08:05:03","guid":{"rendered":"https:\/\/www.de.at\/?page_id=7401"},"modified":"2023-08-30T10:37:24","modified_gmt":"2023-08-30T08:37:24","slug":"agb","status":"publish","type":"page","link":"https:\/\/www.de.at\/en\/agb\/","title":{"rendered":"EN | AGB"},"content":{"rendered":"\t\t<div data-elementor-type=\"wp-page\" data-elementor-id=\"7401\" class=\"elementor elementor-7401 elementor-552\" data-elementor-post-type=\"page\">\n\t\t\t\t\t\t<section class=\"has_eae_slider elementor-section elementor-top-section elementor-element elementor-element-7744705 elementor-section-height-min-height elementor-section-boxed elementor-section-height-default elementor-section-items-middle\" data-eae-slider=\"55202\" data-id=\"7744705\" data-element_type=\"section\" data-e-type=\"section\" data-settings=\"{&quot;jet_parallax_layout_list&quot;:[{&quot;jet_parallax_layout_image&quot;:{&quot;url&quot;:&quot;&quot;,&quot;id&quot;:&quot;&quot;,&quot;size&quot;:&quot;&quot;},&quot;_id&quot;:&quot;fa04a52&quot;,&quot;jet_parallax_layout_image_tablet&quot;:{&quot;url&quot;:&quot;&quot;,&quot;id&quot;:&quot;&quot;,&quot;size&quot;:&quot;&quot;},&quot;jet_parallax_layout_image_mobile&quot;:{&quot;url&quot;:&quot;&quot;,&quot;id&quot;:&quot;&quot;,&quot;size&quot;:&quot;&quot;},&quot;jet_parallax_layout_speed&quot;:{&quot;unit&quot;:&quot;%&quot;,&quot;size&quot;:50,&quot;sizes&quot;:[]},&quot;jet_parallax_layout_type&quot;:&quot;scroll&quot;,&quot;jet_parallax_layout_direction&quot;:&quot;1&quot;,&quot;jet_parallax_layout_fx_direction&quot;:null,&quot;jet_parallax_layout_z_index&quot;:&quot;&quot;,&quot;jet_parallax_layout_bg_x&quot;:50,&quot;jet_parallax_layout_bg_x_tablet&quot;:&quot;&quot;,&quot;jet_parallax_layout_bg_x_mobile&quot;:&quot;&quot;,&quot;jet_parallax_layout_bg_y&quot;:50,&quot;jet_parallax_layout_bg_y_tablet&quot;:&quot;&quot;,&quot;jet_parallax_layout_bg_y_mobile&quot;:&quot;&quot;,&quot;jet_parallax_layout_bg_size&quot;:&quot;auto&quot;,&quot;jet_parallax_layout_bg_size_tablet&quot;:&quot;&quot;,&quot;jet_parallax_layout_bg_size_mobile&quot;:&quot;&quot;,&quot;jet_parallax_layout_animation_prop&quot;:&quot;transform&quot;,&quot;jet_parallax_layout_on&quot;:[&quot;desktop&quot;,&quot;tablet&quot;]}],&quot;background_background&quot;:&quot;classic&quot;,&quot;_ob_glider_is_slider&quot;:&quot;no&quot;}\">\n\t\t\t\t\t\t\t<div class=\"elementor-background-overlay\"><\/div>\n\t\t\t\t\t\t\t<div class=\"elementor-container elementor-column-gap-default\">\n\t\t\t\t\t<div class=\"has_eae_slider elementor-column elementor-col-100 elementor-top-column elementor-element elementor-element-c81d177\" data-eae-slider=\"44095\" data-id=\"c81d177\" data-element_type=\"column\" data-e-type=\"column\">\n\t\t\t<div class=\"elementor-widget-wrap elementor-element-populated\">\n\t\t\t\t\t\t<div class=\"elementor-element elementor-element-c64c821 elementor-widget elementor-widget-heading\" data-id=\"c64c821\" data-element_type=\"widget\" data-e-type=\"widget\" data-widget_type=\"heading.default\">\n\t\t\t\t<div class=\"elementor-widget-container\">\n\t\t\t\t\t<h1 class=\"elementor-heading-title elementor-size-default\">Allgemeine Gesch\u00e4fts&amp;shybedingungen<\/h1>\t\t\t\t<\/div>\n\t\t\t\t<\/div>\n\t\t\t\t\t<\/div>\n\t\t<\/div>\n\t\t\t\t\t<\/div>\n\t\t<\/section>\n\t\t\t\t<section class=\"has_eae_slider elementor-section elementor-top-section elementor-element elementor-element-4a564ca6 elementor-section-full_width elementor-section-height-default elementor-section-height-default\" data-eae-slider=\"58120\" data-id=\"4a564ca6\" data-element_type=\"section\" data-e-type=\"section\" data-settings=\"{&quot;jet_parallax_layout_list&quot;:[{&quot;jet_parallax_layout_image&quot;:{&quot;url&quot;:&quot;&quot;,&quot;id&quot;:&quot;&quot;,&quot;size&quot;:&quot;&quot;},&quot;_id&quot;:&quot;e931252&quot;,&quot;jet_parallax_layout_image_tablet&quot;:{&quot;url&quot;:&quot;&quot;,&quot;id&quot;:&quot;&quot;,&quot;size&quot;:&quot;&quot;},&quot;jet_parallax_layout_image_mobile&quot;:{&quot;url&quot;:&quot;&quot;,&quot;id&quot;:&quot;&quot;,&quot;size&quot;:&quot;&quot;},&quot;jet_parallax_layout_speed&quot;:{&quot;unit&quot;:&quot;%&quot;,&quot;size&quot;:50,&quot;sizes&quot;:[]},&quot;jet_parallax_layout_type&quot;:&quot;scroll&quot;,&quot;jet_parallax_layout_direction&quot;:&quot;1&quot;,&quot;jet_parallax_layout_fx_direction&quot;:null,&quot;jet_parallax_layout_z_index&quot;:&quot;&quot;,&quot;jet_parallax_layout_bg_x&quot;:50,&quot;jet_parallax_layout_bg_x_tablet&quot;:&quot;&quot;,&quot;jet_parallax_layout_bg_x_mobile&quot;:&quot;&quot;,&quot;jet_parallax_layout_bg_y&quot;:50,&quot;jet_parallax_layout_bg_y_tablet&quot;:&quot;&quot;,&quot;jet_parallax_layout_bg_y_mobile&quot;:&quot;&quot;,&quot;jet_parallax_layout_bg_size&quot;:&quot;auto&quot;,&quot;jet_parallax_layout_bg_size_tablet&quot;:&quot;&quot;,&quot;jet_parallax_layout_bg_size_mobile&quot;:&quot;&quot;,&quot;jet_parallax_layout_animation_prop&quot;:&quot;transform&quot;,&quot;jet_parallax_layout_on&quot;:[&quot;desktop&quot;,&quot;tablet&quot;]}],&quot;_ob_glider_is_slider&quot;:&quot;no&quot;}\">\n\t\t\t\t\t\t<div class=\"elementor-container elementor-column-gap-default\">\n\t\t\t\t\t<div class=\"has_eae_slider elementor-column elementor-col-100 elementor-top-column elementor-element elementor-element-2a0a9d64\" data-eae-slider=\"53234\" data-id=\"2a0a9d64\" data-element_type=\"column\" data-e-type=\"column\">\n\t\t\t<div class=\"elementor-widget-wrap elementor-element-populated\">\n\t\t\t\t\t\t<div class=\"elementor-element elementor-element-2a044fe4 elementor-widget elementor-widget-text-editor\" data-id=\"2a044fe4\" data-element_type=\"widget\" data-e-type=\"widget\" data-widget_type=\"text-editor.default\">\n\t\t\t\t<div class=\"elementor-widget-container\">\n\t\t\t\t\t\t\t\t\t<div id=\"page-overlay-content-printArray\"><div>\u00a0<\/div><div id=\"page-overlay-content-content\"><p><strong>Allgemeines<\/strong><\/p><p>1. Diese Allgemeinen Verkaufsbedingungen gelten f\u00fcr alle &#8211; auch in Zukunft abzuschlie\u00dfenden &#8211; Gesch\u00e4fte der Digital Elektronik GmbH, im folgenden &#8220;Verk\u00e4ufer&#8221; genannt mit ihren Kunden und erfolgen alle Angebote, Leistungen und Lieferungen ausschlie\u00dflich aufgrund dieser Allgemeinen Verkaufsbedingungen in der jeweils neuesten Fassung.<\/p><p>2. Vom Kunden vorgesehene Abweichungen von diesen Allgemeinen Verkaufsbedingungen sind nur bei schriftlicher Anerkennung durch den Verk\u00e4ufer wirksam. Allf\u00e4lligen Bezugnahmen und Gegenbest\u00e4tigungen des K\u00e4ufers unter Hinweis auf dessen Einkaufsbedingungen wird ausdr\u00fccklich widersprochen, sofern sie nicht schriftlich anerkannt werden.<\/p><p><strong>Angebot und Vertragsabschluss<\/strong><\/p><p>3. Die Zusendung von Prospekten, Rundschreiben, Preislisten etc. ist nicht als Angebot anzusehen.<\/p><p>4. Angebote sind bis zur Annahme durch den K\u00e4ufer freibleibend und ist der Verk\u00e4ufer daran f\u00fcr die Dauer von 4 Wochen gebunden, sofern nicht ausdr\u00fccklich ein anderer Zeitraum vereinbart wird.<\/p><p>5. Ein vom Kunden erteilter Auftrag gilt nur dann als angenommen, wenn er vom Verk\u00e4ufer schriftlich best\u00e4tigt oder durch schl\u00fcssige Handlung (sofortige Lieferung) best\u00e4tigt wird. \u00c4nderungen und Erg\u00e4nzungen sind nur g\u00fcltig, wenn sie vom Verk\u00e4ufer schriftlich best\u00e4tigt werden.<\/p><p><strong>Technische Unterlagen<\/strong><\/p><p>6. Die in Pl\u00e4nen, Prospekten, Preislisten etc. enthaltenen technischen Angaben sind unverbindlich, soweit sie nicht ausdr\u00fccklich in unserem Angebot bzw. in unserer Auftragsbest\u00e4tigung enthalten sind. Technische und elektronische Weiterentwicklungen bleibt vorbehalten.<\/p><p>7. Technische und elektronische Unterlagen \u00fcber Fertigungs- und Entwicklungsprojekte unterliegen der Geheimhaltung und d\u00fcrfen ohne schriftliches Einverst\u00e4ndnis des Verk\u00e4ufers keinesfalls an Dritte weitergereicht bzw. f\u00fcr Dritte zug\u00e4nglich gemacht werden. Dies gilt insbesondere f\u00fcr Unterlagen zur Anfertigung von Ger\u00e4ten, Bauteilen, etc. wie auch f\u00fcr gelieferte Software. Bei Versto\u00df gegen diese Bestimmungen beh\u00e4lt sich der Verk\u00e4ufer das Recht zur Geltendmachung von Schadenersatz vor.<\/p><p><strong>Leistungs- und Lieferbedingungen<\/strong><\/p><p>8. F\u00fcr den Umfang der Lieferung sind ausschlie\u00dflich die Angaben der Auftragsbest\u00e4tigung des Verk\u00e4ufers ma\u00dfgebend.<\/p><p>9. Als Liefertermin gilt der in der Auftragsbest\u00e4tigung festgelegte Zeitpunkt. Generell sind jedoch Vor- und Teillieferungen zul\u00e4ssig. Ist die Lieferung von Vorleistungen des K\u00e4ufers (z. B. die Erbringung von erforderlichen Dokumenten, Unterlagen, bei Beistellteilen etc.) abh\u00e4ngig, so ist der Lieferzeitpunkt nur dann vom Verk\u00e4ufer einzuhalten, wenn der K\u00e4ufer seinen beschriebenen Verpflichtungen nachgekommen ist.<\/p><p>10. Die Folgen h\u00f6herer Gewalt oder \u00e4hnlicher unvorhergesehener Ereignisse (z. B. Betriebs- oder Verkehrsst\u00f6rungen, Feuer, \u00dcberschwemmungen, Streik, Aussperrung, beh\u00f6rdliche Ma\u00dfnahmen und sonstige Betriebsst\u00f6rungen etc.), auch bei Dritten, mit welchen der Verk\u00e4ufer in Gesch\u00e4ftsverbindung steht hat der Verk\u00e4ufer nicht zu vertreten. Der Verk\u00e4ufer ist berechtigt, die Lieferung bzw. Leistung auf einen Zeitpunkt nach dem Wegfall der Behinderung samt einer angemessenen Anlaufzeit hinauszuschieben.<\/p><p><strong>Faktura und Zahlung<\/strong><\/p><p>11. Soweit nicht schriftlich etwas Anderes vereinbart wird, verstehen sich die Preise netto ab Werk, unverpackt und unverzollt, in EURO. Alle anfallenden Nebenkosten f\u00fcr Verpackung, Verzollung, Versicherung, Transport etc. gehen zu Lasten des K\u00e4ufers. Im Falle von Sondersendungen werden auch die zus\u00e4tzlich anfallenden Kosten dem K\u00e4ufer weiter verrechnet und auf der Faktura gesondert ausgewiesen.<\/p><p>12. Soweit nichts Anderes vereinbart ist, sind die Rechnungen des Verk\u00e4ufers innerhalb von 30 Tagen nach Rechnungsstellung abzugsfrei oder innerhalb von 8 Tagen abz\u00fcglich 2 % Skonto zahlbar.<\/p><p>13. Bei Erstlieferungen und\/oder Lieferungen im Gesamtwert von unter EUR 100, &#8212; wird die Ware ausnahmslos per Nachnahme geschickt.<\/p><p>14. Zahlungen des K\u00e4ufers werden jeweils zur Abdeckung der \u00e4ltest f\u00e4lligen Schuld verwendet.<\/p><p>15. Zahlungen mittels Scheck oder Wechsel stellen keine Barzahlung dar.<\/p><p>16. Die Zur\u00fcckhaltung von Zahlungen wegen behaupteter M\u00e4ngel oder Schadenersatzanspr\u00fcchen durch den K\u00e4ufer ist, ebenso wie die Aufrechnung mit allf\u00e4lligen Gegenforderungen, grunds\u00e4tzlich ausgeschlossen.<\/p><p>17. Ab F\u00e4lligkeit sind Verzugszinsen von 2 % p.a. \u00fcber dem jeweiligen Diskontsatz der \u00d6sterreichischen Nationalbank zu entrichten.<\/p><p>18. Bei Verzug des K\u00e4ufers trifft diesen die Verpflichtung zur Zahlung der Mahn-, Inkasso- und Auskunftskosten. Eine Verpflichtung zum Schadenersatz bleibt hievon unber\u00fchrt.<\/p><p><strong>Eigentumsvorbehalt<\/strong><\/p><p>19. Die gelieferte Ware bleibt Eigentum des Verk\u00e4ufers bis zur Zahlung seiner s\u00e4mtlichen Forderungen, gleich aus welchem Rechtsgrunde, bis zur Einl\u00f6sung s\u00e4mtlicher, dem Verk\u00e4ufer in Zahlung gegebener Wechsel und Schecks, auch wenn der Kaufpreis f\u00fcr besonders bezeichnete Forderungen gezahlt ist. Bei laufender Rechnung gilt das vorbehaltene Eigentum als Sicherung f\u00fcr die Saldoforderung des Verk\u00e4ufers.<\/p><p>20. Bei Verarbeitung, Verbindung oder Vermischung der Ware des Verk\u00e4ufers mit anderen, nicht im Eigentum des Verk\u00e4ufers stehenden Ware durch den K\u00e4ufer, steht dem Verk\u00e4ufer das Miteigentum an der neuen Sache im Verh\u00e4ltnis des Wertes der Vorbehaltsware zu den \u00fcbrigen Waren im Zeitpunkt der Verarbeitung, Verbindung oder Vermischung zu. Erwirbt der K\u00e4ufer insoweit das Alleineigentum an der neuen Sache, r\u00e4umt der K\u00e4ufer dem Verk\u00e4ufer im Verh\u00e4ltnis des Wertes der Verarbeitung, verbunden oder vermischten Vorbehaltsware zum Wert der neuen Sache Miteigentum ein und verwahrt diese unentgeltlich f\u00fcr den Verk\u00e4ufer.<\/p><p>21. Der K\u00e4ufer hat die Vorbehaltsware pfleglich zu behandeln und instand zu halten. Er darf das Eigentum des Verk\u00e4ufers weder vermieten noch verleihen oder verschenken, noch innerhalb der Gew\u00e4hrleistungs- oder Garantiefrist bei Dritten in Reparatur geben.<\/p><p>22. Verpf\u00e4ndung oder Sicherheits\u00fcbereignung der vom Verk\u00e4ufer gelieferten Waren oder Maschinen ist vor endg\u00fcltiger Bezahlung des Kaufpreises nicht gestattet. Bei Pf\u00e4ndung sowie Beschlagnahme oder sonstige Verf\u00fcgung durch dritte Hand hat der K\u00e4ufer den Verk\u00e4ufer unverz\u00fcglich davon zu benachrichtigen.<\/p><p>23. Kommt der K\u00e4ufer in Zahlungsverzug oder kommt er sonst seinen Verpflichtungen aus dem Eigentumsvorbehalt nicht nach, so kann der Verk\u00e4ufer den Kaufgegenstand vom K\u00e4ufer herausverlangen.<\/p><p><strong>Versand und Gefahr\u00fcbergang<\/strong><\/p><p>24. Sobald die Ware das Auslieferungslager des Verk\u00e4ufers verlassen hat, geht die Gefahr auf den K\u00e4ufer \u00fcber.<\/p><p><strong>M\u00e4ngel und Gew\u00e4hrleistung<\/strong><\/p><p>25. Wenn nicht schriftlich besondere Vereinbarungen getroffen werden, gilt die gesetzliche Gew\u00e4hrleistungsfrist.<\/p><p>26. Der K\u00e4ufer ist verpflichtet, die vom Verk\u00e4ufer gelieferten Waren sofort nach Erhalt auf M\u00e4ngel zu \u00fcberpr\u00fcfen.<\/p><p>27. Beanstandungen sind dem Verk\u00e4ufer unverz\u00fcglich, sp\u00e4testens jedoch 4 Tage nach Empfang schriftlich mitzuteilen. Allf\u00e4llige versteckte M\u00e4ngel sind unmittelbar nach der Entdeckung mitzuteilen. Im Falle nicht zeitgerechter Mitteilung sind die nachstehenden Gew\u00e4hrleistungsrechte des K\u00e4ufers ausgeschlossen.<\/p><p>28. Ist der Liefergegenstand mangelhaft, entspricht der Lieferumfang nicht der Auftragsbest\u00e4tigung, fehlen zugesicherte Eigenschaften oder wird der Liefergegenstand innerhalb der Gew\u00e4hrleistungsfrist schadhaft, so kommt dem Verk\u00e4ufer eine Wahlm\u00f6glichkeit &#8211; unter Ausschluss weiterer Gew\u00e4hrleistungsanspr\u00fcche &#8211; zwischen Instandsetzung oder Ersatzlieferung zu.<\/p><p>29. Der Verk\u00e4ufer ist berechtigt, M\u00e4ngel nachzubessern bzw. mangelhafte Ware, allenfalls Teile hievon, zu ersetzen. Die R\u00fccksendung beanstandeter Ware an den Verk\u00e4ufer ist f\u00fcr diesen spesenfrei und auf Gefahr des K\u00e4ufers vorzunehmen.<\/p><p>30. Dem K\u00e4ufer kommen keine Gew\u00e4hrleistungsanspr\u00fcche zu, wenn M\u00e4ngel durch unsachgem\u00e4\u00dfe Behandlung entstanden sind, wenn der Liefergegenstand durch Einbauteile fremder Herkunft ver\u00e4ndert wird, oder wenn gesetzliche oder die vom Verk\u00e4ufer aufgestellten Einbau-, Umbau- oder Behandlungsvorschriften vom K\u00e4ufer bzw. dessen Abnehmern nicht eingehalten werden.<\/p><p>31. Die Gew\u00e4hrleistungsbeschr\u00e4nkungen sind vollinhaltlich allf\u00e4lligen Abnehmern mit der Verpflichtung zur weiteren \u00dcberbindung an weitere Abnehmer zu \u00fcberbinden.<\/p><p>32. Sach-, Verm\u00f6gens- und Folgesch\u00e4den ausgeschlossen, sowie Sch\u00e4den, die durch unsachgem\u00e4\u00dfe Behandlung oder Installation hervorgerufen werden.<\/p><p><strong>Erf\u00fcllungsort, anzuwendendes Recht, Gerichtsstand<\/strong><\/p><p>33. Erf\u00fcllungsort ist St. Leonhard bei Salzburg. Auf alle Liefervertr\u00e4ge ist ausschlie\u00dflich \u00f6sterreichisches Recht anzuwenden. Gerichtsstand ist das sachlich zust\u00e4ndige Gericht in Salzburg.<\/p><p><strong>Vereinbarung der Schriftform<\/strong><\/p><p>34. Ein Abgehen von den Allgemeinen Verkaufsbedingungen ist nur unter Einhaltung der Schriftform m\u00f6glich. Vom Formerfordernis der Schriftform kann nur durch eine schriftliche Vereinbarung abgegangen werden.<\/p><p><a href=\"https:\/\/www.de.at\/wp-content\/uploads\/2020\/04\/AGB2.pdf\" target=\"_blank\" rel=\"noopener noreferrer\">Download der AGB als PDF<\/a><\/p><\/div><\/div>\t\t\t\t\t\t\t\t<\/div>\n\t\t\t\t<\/div>\n\t\t\t\t\t<\/div>\n\t\t<\/div>\n\t\t\t\t\t<\/div>\n\t\t<\/section>\n\t\t\t\t<\/div>\n\t\t","protected":false},"excerpt":{"rendered":"","protected":false},"author":5,"featured_media":0,"parent":0,"menu_order":0,"comment_status":"closed","ping_status":"closed","template":"","meta":{"footnotes":""},"class_list":["post-7401","page","type-page","status-publish","hentry"],"yoast_head":"<!-- This site is optimized with the Yoast SEO plugin v27.5 - https:\/\/yoast.com\/product\/yoast-seo-wordpress\/ -->\n<title>Terms &amp; Conditions | Digital Elektronik<\/title>\n<meta name=\"description\" content=\"Find our general terms &amp; conditions for your information | Digital Elektronik\" \/>\n<meta name=\"robots\" content=\"index, follow, max-snippet:-1, max-image-preview:large, max-video-preview:-1\" \/>\n<link rel=\"canonical\" href=\"https:\/\/www.de.at\/en\/agb\/\" \/>\n<meta property=\"og:locale\" content=\"en_US\" \/>\n<meta property=\"og:type\" content=\"article\" \/>\n<meta property=\"og:title\" content=\"Terms &amp; Conditions | Digital Elektronik\" \/>\n<meta property=\"og:description\" content=\"Find our general terms &amp; conditions for your information | Digital Elektronik\" \/>\n<meta property=\"og:url\" content=\"https:\/\/www.de.at\/en\/agb\/\" \/>\n<meta property=\"og:site_name\" content=\"Digital Elektronik\" \/>\n<meta property=\"article:modified_time\" content=\"2023-08-30T08:37:24+00:00\" \/>\n<meta name=\"twitter:card\" content=\"summary_large_image\" \/>\n<script type=\"application\/ld+json\" class=\"yoast-schema-graph\">{\"@context\":\"https:\\\/\\\/schema.org\",\"@graph\":[{\"@type\":\"WebPage\",\"@id\":\"https:\\\/\\\/www.de.at\\\/en\\\/agb\\\/\",\"url\":\"https:\\\/\\\/www.de.at\\\/en\\\/agb\\\/\",\"name\":\"Terms & Conditions | Digital Elektronik\",\"isPartOf\":{\"@id\":\"https:\\\/\\\/www.de.at\\\/en\\\/#website\"},\"datePublished\":\"2021-10-15T08:05:03+00:00\",\"dateModified\":\"2023-08-30T08:37:24+00:00\",\"description\":\"Find our general terms & conditions for your information | Digital Elektronik\",\"breadcrumb\":{\"@id\":\"https:\\\/\\\/www.de.at\\\/en\\\/agb\\\/#breadcrumb\"},\"inLanguage\":\"en-US\",\"potentialAction\":[{\"@type\":\"ReadAction\",\"target\":[\"https:\\\/\\\/www.de.at\\\/en\\\/agb\\\/\"]}]},{\"@type\":\"BreadcrumbList\",\"@id\":\"https:\\\/\\\/www.de.at\\\/en\\\/agb\\\/#breadcrumb\",\"itemListElement\":[{\"@type\":\"ListItem\",\"position\":1,\"name\":\"Startseite\",\"item\":\"https:\\\/\\\/www.de.at\\\/en\\\/\"},{\"@type\":\"ListItem\",\"position\":2,\"name\":\"EN | AGB\"}]},{\"@type\":\"WebSite\",\"@id\":\"https:\\\/\\\/www.de.at\\\/en\\\/#website\",\"url\":\"https:\\\/\\\/www.de.at\\\/en\\\/\",\"name\":\"Digital Elektronik\",\"description\":\"\",\"publisher\":{\"@id\":\"https:\\\/\\\/www.de.at\\\/en\\\/#organization\"},\"potentialAction\":[{\"@type\":\"SearchAction\",\"target\":{\"@type\":\"EntryPoint\",\"urlTemplate\":\"https:\\\/\\\/www.de.at\\\/en\\\/?s={search_term_string}\"},\"query-input\":{\"@type\":\"PropertyValueSpecification\",\"valueRequired\":true,\"valueName\":\"search_term_string\"}}],\"inLanguage\":\"en-US\"},{\"@type\":\"Organization\",\"@id\":\"https:\\\/\\\/www.de.at\\\/en\\\/#organization\",\"name\":\"Digital Elektronik\",\"url\":\"https:\\\/\\\/www.de.at\\\/en\\\/\",\"logo\":{\"@type\":\"ImageObject\",\"inLanguage\":\"en-US\",\"@id\":\"https:\\\/\\\/www.de.at\\\/en\\\/#\\\/schema\\\/logo\\\/image\\\/\",\"url\":\"https:\\\/\\\/www.de.at\\\/wp-content\\\/uploads\\\/2020\\\/05\\\/logo-gut.png\",\"contentUrl\":\"https:\\\/\\\/www.de.at\\\/wp-content\\\/uploads\\\/2020\\\/05\\\/logo-gut.png\",\"width\":1000,\"height\":597,\"caption\":\"Digital Elektronik\"},\"image\":{\"@id\":\"https:\\\/\\\/www.de.at\\\/en\\\/#\\\/schema\\\/logo\\\/image\\\/\"},\"sameAs\":[\"https:\\\/\\\/www.instagram.com\\\/digital_elektronik_karriere\\\/\",\"https:\\\/\\\/www.linkedin.com\\\/company\\\/digital-elektronik\"]}]}<\/script>\n<!-- \/ Yoast SEO plugin. -->","yoast_head_json":{"title":"Terms & Conditions | Digital Elektronik","description":"Find our general terms & conditions for your information | Digital Elektronik","robots":{"index":"index","follow":"follow","max-snippet":"max-snippet:-1","max-image-preview":"max-image-preview:large","max-video-preview":"max-video-preview:-1"},"canonical":"https:\/\/www.de.at\/en\/agb\/","og_locale":"en_US","og_type":"article","og_title":"Terms & Conditions | Digital Elektronik","og_description":"Find our general terms & conditions for your information | Digital Elektronik","og_url":"https:\/\/www.de.at\/en\/agb\/","og_site_name":"Digital Elektronik","article_modified_time":"2023-08-30T08:37:24+00:00","twitter_card":"summary_large_image","schema":{"@context":"https:\/\/schema.org","@graph":[{"@type":"WebPage","@id":"https:\/\/www.de.at\/en\/agb\/","url":"https:\/\/www.de.at\/en\/agb\/","name":"Terms & Conditions | Digital Elektronik","isPartOf":{"@id":"https:\/\/www.de.at\/en\/#website"},"datePublished":"2021-10-15T08:05:03+00:00","dateModified":"2023-08-30T08:37:24+00:00","description":"Find our general terms & conditions for your information | Digital Elektronik","breadcrumb":{"@id":"https:\/\/www.de.at\/en\/agb\/#breadcrumb"},"inLanguage":"en-US","potentialAction":[{"@type":"ReadAction","target":["https:\/\/www.de.at\/en\/agb\/"]}]},{"@type":"BreadcrumbList","@id":"https:\/\/www.de.at\/en\/agb\/#breadcrumb","itemListElement":[{"@type":"ListItem","position":1,"name":"Startseite","item":"https:\/\/www.de.at\/en\/"},{"@type":"ListItem","position":2,"name":"EN | AGB"}]},{"@type":"WebSite","@id":"https:\/\/www.de.at\/en\/#website","url":"https:\/\/www.de.at\/en\/","name":"Digital Elektronik","description":"","publisher":{"@id":"https:\/\/www.de.at\/en\/#organization"},"potentialAction":[{"@type":"SearchAction","target":{"@type":"EntryPoint","urlTemplate":"https:\/\/www.de.at\/en\/?s={search_term_string}"},"query-input":{"@type":"PropertyValueSpecification","valueRequired":true,"valueName":"search_term_string"}}],"inLanguage":"en-US"},{"@type":"Organization","@id":"https:\/\/www.de.at\/en\/#organization","name":"Digital Elektronik","url":"https:\/\/www.de.at\/en\/","logo":{"@type":"ImageObject","inLanguage":"en-US","@id":"https:\/\/www.de.at\/en\/#\/schema\/logo\/image\/","url":"https:\/\/www.de.at\/wp-content\/uploads\/2020\/05\/logo-gut.png","contentUrl":"https:\/\/www.de.at\/wp-content\/uploads\/2020\/05\/logo-gut.png","width":1000,"height":597,"caption":"Digital Elektronik"},"image":{"@id":"https:\/\/www.de.at\/en\/#\/schema\/logo\/image\/"},"sameAs":["https:\/\/www.instagram.com\/digital_elektronik_karriere\/","https:\/\/www.linkedin.com\/company\/digital-elektronik"]}]}},"_links":{"self":[{"href":"https:\/\/www.de.at\/en\/wp-json\/wp\/v2\/pages\/7401","targetHints":{"allow":["GET"]}}],"collection":[{"href":"https:\/\/www.de.at\/en\/wp-json\/wp\/v2\/pages"}],"about":[{"href":"https:\/\/www.de.at\/en\/wp-json\/wp\/v2\/types\/page"}],"author":[{"embeddable":true,"href":"https:\/\/www.de.at\/en\/wp-json\/wp\/v2\/users\/5"}],"replies":[{"embeddable":true,"href":"https:\/\/www.de.at\/en\/wp-json\/wp\/v2\/comments?post=7401"}],"version-history":[{"count":3,"href":"https:\/\/www.de.at\/en\/wp-json\/wp\/v2\/pages\/7401\/revisions"}],"predecessor-version":[{"id":12252,"href":"https:\/\/www.de.at\/en\/wp-json\/wp\/v2\/pages\/7401\/revisions\/12252"}],"wp:attachment":[{"href":"https:\/\/www.de.at\/en\/wp-json\/wp\/v2\/media?parent=7401"}],"curies":[{"name":"wp","href":"https:\/\/api.w.org\/{rel}","templated":true}]}}